{"id":2083,"date":"2022-02-16T15:21:06","date_gmt":"2022-02-16T14:21:06","guid":{"rendered":"https:\/\/www.mare-e-monti.com\/condizioni-di-noleggio\/"},"modified":"2024-06-16T14:05:13","modified_gmt":"2024-06-16T12:05:13","slug":"condizioni-di-noleggio","status":"publish","type":"page","link":"https:\/\/www.mare-e-monti.com\/it\/condizioni-di-noleggio\/","title":{"rendered":"Condizioni di noleggio"},"content":{"rendered":"\t\t<div data-elementor-type=\"wp-page\" data-elementor-id=\"2083\" class=\"elementor elementor-2083 elementor-3\">\n\t\t\t\t\t\t<section class=\"elementor-section elementor-top-section elementor-element elementor-element-4e57a4e5 elementor-section-boxed elementor-section-height-default elementor-section-height-default\" data-id=\"4e57a4e5\" data-element_type=\"section\" data-e-type=\"section\" data-settings=\"{&quot;background_background&quot;:&quot;classic&quot;}\">\n\t\t\t\t\t\t<div class=\"elementor-container elementor-column-gap-default\">\n\t\t\t\t\t<div class=\"elementor-column elementor-col-100 elementor-top-column elementor-element elementor-element-1c80843c\" data-id=\"1c80843c\" data-element_type=\"column\" data-e-type=\"column\">\n\t\t\t<div class=\"elementor-widget-wrap elementor-element-populated\">\n\t\t\t\t\t\t<div class=\"elementor-element elementor-element-e0324c5 elementor-view-default elementor-position-top elementor-widget elementor-widget-themo-header\" data-id=\"e0324c5\" data-element_type=\"widget\" data-e-type=\"widget\" data-widget_type=\"themo-header.default\">\n\t\t\t\t<div class=\"elementor-widget-container\">\n\t\t\t\t\t\t\t<div class=\"th-header-wrap\">\n        <div class=\"elementor-icon-box-wrapper \">\n                            <div class=\"elementor-icon-box-content\">\n                    <h1 class=\"elementor-icon-box-title\">\n                        Condizioni di noleggio                    <\/h1>\n                                            <span class=\"th-header-divider\"><\/span>\n                                        <p class=\"elementor-icon-box-description\"><\/p>\n\n                                    <\/div>\n            <\/div>\n\n        <\/div>\n\n\t\t\t\t\t\t<\/div>\n\t\t\t\t<\/div>\n\t\t\t\t\t<\/div>\n\t\t<\/div>\n\t\t\t\t\t<\/div>\n\t\t<\/section>\n\t\t\t\t<section class=\"elementor-section elementor-top-section elementor-element elementor-element-35d8c3c elementor-section-boxed elementor-section-height-default elementor-section-height-default\" data-id=\"35d8c3c\" data-element_type=\"section\" data-e-type=\"section\">\n\t\t\t\t\t\t<div class=\"elementor-container elementor-column-gap-default\">\n\t\t\t\t\t<div class=\"elementor-column elementor-col-100 elementor-top-column elementor-element elementor-element-ba112a7\" data-id=\"ba112a7\" data-element_type=\"column\" data-e-type=\"column\">\n\t\t\t<div class=\"elementor-widget-wrap elementor-element-populated\">\n\t\t\t\t\t\t<div class=\"elementor-element elementor-element-8ebf6dd elementor-widget elementor-widget-text-editor\" data-id=\"8ebf6dd\" data-element_type=\"widget\" data-e-type=\"widget\" data-widget_type=\"text-editor.default\">\n\t\t\t\t<div class=\"elementor-widget-container\">\n\t\t\t\t\t\t\t\t\t<h4 style=\"font-weight: 400;\"><strong>Modifiche, Cancellazioni e Partenze Anticipate<\/strong><\/h4>\n<p style=\"font-weight: 400;\">Il cliente pu\u00f2 cancellare gratuitamente la propria prenotazione fino a 14 giorni prima dell&#8217;arrivo.<\/p>\n<p style=\"font-weight: 400;\">Il cliente dovr\u00e0 pagare l&#8217;intero importo della prenotazione se annulla meno di 14 giorni prima dell&#8217;arrivo.<\/p>\n<p style=\"font-weight: 400;\">Sono possibili modifiche della prenotazione, salvo disponibilit\u00e0 e a condizione che l&#8217;importo del soggiorno modificato sia pari o superiore a quello della prenotazione iniziale.<\/p>\n<p style=\"font-weight: 400;\">In caso di partenza anticipata rispetto alla data prevista all&#8217;atto della prenotazione: resta dovuto l&#8217;importo totale del soggiorno inizialmente prenotato.<\/p>\n<\/p>\n<h4 style=\"font-weight: 400;\"><strong>Animali domestici<\/strong><\/h4>\n<p style=\"font-weight: 400;\">Gli animali non sono ammessi.<\/p>\n<p style=\"font-weight: 400;\"><strong> <\/strong><\/p>\n<h4 style=\"font-weight: 400;\"><strong>Prezzi: tasse e variabilit\u00e0<\/strong><\/h4>\n<p style=\"font-weight: 400;\">I nostri prezzi sono IVA inclusa. Non comprendono l&#8217;imposta comunale di soggiorno, fissata nel 2024 in \u20ac 1,65 al giorno e per persona e soggetta a variazione annuale.<\/p>\n<p style=\"font-weight: 400;\">I prezzi da noi comunicati potranno essere modificati in qualsiasi momento, senza preavviso.<\/p>\n<p style=\"font-weight: 400;\"><strong> <\/strong><\/p>\n<h4 style=\"font-weight: 400;\"><strong>Danni e oggetti mancanti<\/strong><\/h4>\n<p style=\"font-weight: 400;\">I danni e gli oggetti mancanti derivanti da azioni intenzionali o negligenza evidente da parte del cliente possono essere soggetti a fatturazione.<\/p>\n<p style=\"font-weight: 400;\">\n\t\t\t\t\t\t\t\t<\/div>\n\t\t\t\t<\/div>\n\t\t\t\t\t<\/div>\n\t\t<\/div>\n\t\t\t\t\t<\/div>\n\t\t<\/section>\n\t\t\t\t<\/div>\n\t\t","protected":false},"excerpt":{"rendered":"<p>Condizioni di noleggio Modifiche, Cancellazioni e Partenze Anticipate Il cliente pu\u00f2 cancellare gratuitamente la propria prenotazione fino a 14 giorni prima dell&#8217;arrivo. Il cliente dovr\u00e0 pagare l&#8217;intero importo della prenotazione se annulla meno di 14 giorni prima dell&#8217;arrivo. Sono possibili &hellip; <a href=\"https:\/\/www.mare-e-monti.com\/it\/condizioni-di-noleggio\/\">Read More<\/a><\/p>\n","protected":false},"author":1,"featured_media":0,"parent":0,"menu_order":1,"comment_status":"closed","ping_status":"closed","template":"","meta":{"footnotes":""},"class_list":["post-2083","page","type-page","status-publish","hentry"],"yoast_head":"<!-- This site is optimized with the Yoast SEO Premium plugin v27.3 (Yoast SEO v27.4) - https:\/\/yoast.com\/product\/yoast-seo-premium-wordpress\/ -->\n<title>Condizioni di noleggio - H\u00f4tel Mare e Monti - Hotel Piana Corse<\/title>\n<meta name=\"robots\" content=\"index, follow, max-snippet:-1, max-image-preview:large, max-video-preview:-1\" \/>\n<link rel=\"canonical\" href=\"https:\/\/www.mare-e-monti.com\/it\/condizioni-di-noleggio\/\" \/>\n<meta property=\"og:locale\" content=\"it_IT\" \/>\n<meta property=\"og:type\" content=\"article\" \/>\n<meta property=\"og:title\" content=\"Condizioni di noleggio\" \/>\n<meta property=\"og:description\" content=\"Condizioni di noleggio Modifiche, Cancellazioni e Partenze Anticipate Il cliente pu\u00f2 cancellare gratuitamente la propria prenotazione fino a 14 giorni prima dell&#8217;arrivo. Il cliente dovr\u00e0 pagare l&#8217;intero importo della prenotazione se annulla meno di 14 giorni prima dell&#8217;arrivo. Sono possibili &hellip; Read More\" \/>\n<meta property=\"og:url\" content=\"https:\/\/www.mare-e-monti.com\/it\/condizioni-di-noleggio\/\" \/>\n<meta property=\"og:site_name\" content=\"H\u00f4tel Mare e Monti - Hotel Piana Corse\" \/>\n<meta property=\"article:modified_time\" content=\"2024-06-16T12:05:13+00:00\" \/>\n<meta name=\"twitter:card\" content=\"summary_large_image\" \/>\n<meta name=\"twitter:label1\" content=\"Tempo di lettura stimato\" \/>\n\t<meta name=\"twitter:data1\" content=\"1 minuto\" \/>\n<script type=\"application\/ld+json\" class=\"yoast-schema-graph\">{\"@context\":\"https:\\\/\\\/schema.org\",\"@graph\":[{\"@type\":\"WebPage\",\"@id\":\"https:\\\/\\\/www.mare-e-monti.com\\\/it\\\/condizioni-di-noleggio\\\/\",\"url\":\"https:\\\/\\\/www.mare-e-monti.com\\\/it\\\/condizioni-di-noleggio\\\/\",\"name\":\"Condizioni di noleggio - H\u00f4tel Mare e Monti - Hotel Piana Corse\",\"isPartOf\":{\"@id\":\"https:\\\/\\\/www.mare-e-monti.com\\\/it\\\/#website\"},\"datePublished\":\"2022-02-16T14:21:06+00:00\",\"dateModified\":\"2024-06-16T12:05:13+00:00\",\"breadcrumb\":{\"@id\":\"https:\\\/\\\/www.mare-e-monti.com\\\/it\\\/condizioni-di-noleggio\\\/#breadcrumb\"},\"inLanguage\":\"it-IT\",\"potentialAction\":[{\"@type\":\"ReadAction\",\"target\":[\"https:\\\/\\\/www.mare-e-monti.com\\\/it\\\/condizioni-di-noleggio\\\/\"]}]},{\"@type\":\"BreadcrumbList\",\"@id\":\"https:\\\/\\\/www.mare-e-monti.com\\\/it\\\/condizioni-di-noleggio\\\/#breadcrumb\",\"itemListElement\":[{\"@type\":\"ListItem\",\"position\":1,\"name\":\"Home\",\"item\":\"https:\\\/\\\/www.mare-e-monti.com\\\/it\\\/\"},{\"@type\":\"ListItem\",\"position\":2,\"name\":\"Condizioni di noleggio\"}]},{\"@type\":\"WebSite\",\"@id\":\"https:\\\/\\\/www.mare-e-monti.com\\\/it\\\/#website\",\"url\":\"https:\\\/\\\/www.mare-e-monti.com\\\/it\\\/\",\"name\":\"H\u00f4tel Mare e Monti - Hotel Piana Corse\",\"description\":\"H\u00f4tel entre mer et montagne \u00e0 Piana, Corse\",\"publisher\":{\"@id\":\"https:\\\/\\\/www.mare-e-monti.com\\\/it\\\/#organization\"},\"potentialAction\":[{\"@type\":\"SearchAction\",\"target\":{\"@type\":\"EntryPoint\",\"urlTemplate\":\"https:\\\/\\\/www.mare-e-monti.com\\\/it\\\/?s={search_term_string}\"},\"query-input\":{\"@type\":\"PropertyValueSpecification\",\"valueRequired\":true,\"valueName\":\"search_term_string\"}}],\"inLanguage\":\"it-IT\"},{\"@type\":\"Organization\",\"@id\":\"https:\\\/\\\/www.mare-e-monti.com\\\/it\\\/#organization\",\"name\":\"H\u00f4tel Mare e Monti - Hotel Piana Corse\",\"url\":\"https:\\\/\\\/www.mare-e-monti.com\\\/it\\\/\",\"logo\":{\"@type\":\"ImageObject\",\"inLanguage\":\"it-IT\",\"@id\":\"https:\\\/\\\/www.mare-e-monti.com\\\/it\\\/#\\\/schema\\\/logo\\\/image\\\/\",\"url\":\"https:\\\/\\\/www.mare-e-monti.com\\\/wp-content\\\/uploads\\\/2022\\\/10\\\/mare-e-monti-petit-dejeuner.jpg\",\"contentUrl\":\"https:\\\/\\\/www.mare-e-monti.com\\\/wp-content\\\/uploads\\\/2022\\\/10\\\/mare-e-monti-petit-dejeuner.jpg\",\"width\":1600,\"height\":1047,\"caption\":\"H\u00f4tel Mare e Monti - Hotel Piana Corse\"},\"image\":{\"@id\":\"https:\\\/\\\/www.mare-e-monti.com\\\/it\\\/#\\\/schema\\\/logo\\\/image\\\/\"}}]}<\/script>\n<!-- \/ Yoast SEO Premium plugin. -->","yoast_head_json":{"title":"Condizioni di noleggio - H\u00f4tel Mare e Monti - Hotel Piana Corse","robots":{"index":"index","follow":"follow","max-snippet":"max-snippet:-1","max-image-preview":"max-image-preview:large","max-video-preview":"max-video-preview:-1"},"canonical":"https:\/\/www.mare-e-monti.com\/it\/condizioni-di-noleggio\/","og_locale":"it_IT","og_type":"article","og_title":"Condizioni di noleggio","og_description":"Condizioni di noleggio Modifiche, Cancellazioni e Partenze Anticipate Il cliente pu\u00f2 cancellare gratuitamente la propria prenotazione fino a 14 giorni prima dell&#8217;arrivo. Il cliente dovr\u00e0 pagare l&#8217;intero importo della prenotazione se annulla meno di 14 giorni prima dell&#8217;arrivo. Sono possibili &hellip; Read More","og_url":"https:\/\/www.mare-e-monti.com\/it\/condizioni-di-noleggio\/","og_site_name":"H\u00f4tel Mare e Monti - Hotel Piana Corse","article_modified_time":"2024-06-16T12:05:13+00:00","twitter_card":"summary_large_image","twitter_misc":{"Tempo di lettura stimato":"1 minuto"},"schema":{"@context":"https:\/\/schema.org","@graph":[{"@type":"WebPage","@id":"https:\/\/www.mare-e-monti.com\/it\/condizioni-di-noleggio\/","url":"https:\/\/www.mare-e-monti.com\/it\/condizioni-di-noleggio\/","name":"Condizioni di noleggio - H\u00f4tel Mare e Monti - Hotel Piana Corse","isPartOf":{"@id":"https:\/\/www.mare-e-monti.com\/it\/#website"},"datePublished":"2022-02-16T14:21:06+00:00","dateModified":"2024-06-16T12:05:13+00:00","breadcrumb":{"@id":"https:\/\/www.mare-e-monti.com\/it\/condizioni-di-noleggio\/#breadcrumb"},"inLanguage":"it-IT","potentialAction":[{"@type":"ReadAction","target":["https:\/\/www.mare-e-monti.com\/it\/condizioni-di-noleggio\/"]}]},{"@type":"BreadcrumbList","@id":"https:\/\/www.mare-e-monti.com\/it\/condizioni-di-noleggio\/#breadcrumb","itemListElement":[{"@type":"ListItem","position":1,"name":"Home","item":"https:\/\/www.mare-e-monti.com\/it\/"},{"@type":"ListItem","position":2,"name":"Condizioni di noleggio"}]},{"@type":"WebSite","@id":"https:\/\/www.mare-e-monti.com\/it\/#website","url":"https:\/\/www.mare-e-monti.com\/it\/","name":"H\u00f4tel Mare e Monti - Hotel Piana Corse","description":"H\u00f4tel entre mer et montagne \u00e0 Piana, Corse","publisher":{"@id":"https:\/\/www.mare-e-monti.com\/it\/#organization"},"potentialAction":[{"@type":"SearchAction","target":{"@type":"EntryPoint","urlTemplate":"https:\/\/www.mare-e-monti.com\/it\/?s={search_term_string}"},"query-input":{"@type":"PropertyValueSpecification","valueRequired":true,"valueName":"search_term_string"}}],"inLanguage":"it-IT"},{"@type":"Organization","@id":"https:\/\/www.mare-e-monti.com\/it\/#organization","name":"H\u00f4tel Mare e Monti - Hotel Piana Corse","url":"https:\/\/www.mare-e-monti.com\/it\/","logo":{"@type":"ImageObject","inLanguage":"it-IT","@id":"https:\/\/www.mare-e-monti.com\/it\/#\/schema\/logo\/image\/","url":"https:\/\/www.mare-e-monti.com\/wp-content\/uploads\/2022\/10\/mare-e-monti-petit-dejeuner.jpg","contentUrl":"https:\/\/www.mare-e-monti.com\/wp-content\/uploads\/2022\/10\/mare-e-monti-petit-dejeuner.jpg","width":1600,"height":1047,"caption":"H\u00f4tel Mare e Monti - Hotel Piana Corse"},"image":{"@id":"https:\/\/www.mare-e-monti.com\/it\/#\/schema\/logo\/image\/"}}]}},"_links":{"self":[{"href":"https:\/\/www.mare-e-monti.com\/it\/wp-json\/wp\/v2\/pages\/2083","targetHints":{"allow":["GET"]}}],"collection":[{"href":"https:\/\/www.mare-e-monti.com\/it\/wp-json\/wp\/v2\/pages"}],"about":[{"href":"https:\/\/www.mare-e-monti.com\/it\/wp-json\/wp\/v2\/types\/page"}],"author":[{"embeddable":true,"href":"https:\/\/www.mare-e-monti.com\/it\/wp-json\/wp\/v2\/users\/1"}],"replies":[{"embeddable":true,"href":"https:\/\/www.mare-e-monti.com\/it\/wp-json\/wp\/v2\/comments?post=2083"}],"version-history":[{"count":0,"href":"https:\/\/www.mare-e-monti.com\/it\/wp-json\/wp\/v2\/pages\/2083\/revisions"}],"wp:attachment":[{"href":"https:\/\/www.mare-e-monti.com\/it\/wp-json\/wp\/v2\/media?parent=2083"}],"curies":[{"name":"wp","href":"https:\/\/api.w.org\/{rel}","templated":true}]}}