{"id":3579,"date":"2022-02-16T15:21:06","date_gmt":"2022-02-16T14:21:06","guid":{"rendered":"https:\/\/www.mare-e-monti.com\/leiguskilmalar\/"},"modified":"2024-06-16T14:05:10","modified_gmt":"2024-06-16T12:05:10","slug":"leiguskilmalar","status":"publish","type":"page","link":"https:\/\/www.mare-e-monti.com\/is\/leiguskilmalar\/","title":{"rendered":"Leiguskilm\u00e1lar"},"content":{"rendered":"\t\t<div data-elementor-type=\"wp-page\" data-elementor-id=\"3579\" class=\"elementor elementor-3579 elementor-3\">\n\t\t\t\t\t\t<section class=\"elementor-section elementor-top-section elementor-element elementor-element-4e57a4e5 elementor-section-boxed elementor-section-height-default elementor-section-height-default\" data-id=\"4e57a4e5\" data-element_type=\"section\" data-e-type=\"section\" data-settings=\"{&quot;background_background&quot;:&quot;classic&quot;}\">\n\t\t\t\t\t\t<div class=\"elementor-container elementor-column-gap-default\">\n\t\t\t\t\t<div class=\"elementor-column elementor-col-100 elementor-top-column elementor-element elementor-element-1c80843c\" data-id=\"1c80843c\" data-element_type=\"column\" data-e-type=\"column\">\n\t\t\t<div class=\"elementor-widget-wrap elementor-element-populated\">\n\t\t\t\t\t\t<div class=\"elementor-element elementor-element-e0324c5 elementor-view-default elementor-position-top elementor-widget elementor-widget-themo-header\" data-id=\"e0324c5\" data-element_type=\"widget\" data-e-type=\"widget\" data-widget_type=\"themo-header.default\">\n\t\t\t\t<div class=\"elementor-widget-container\">\n\t\t\t\t\t\t\t<div class=\"th-header-wrap\">\n        <div class=\"elementor-icon-box-wrapper \">\n                            <div class=\"elementor-icon-box-content\">\n                    <h1 class=\"elementor-icon-box-title\">\n                        Leiguskilm\u00e1lar                    <\/h1>\n                                            <span class=\"th-header-divider\"><\/span>\n                                        <p class=\"elementor-icon-box-description\"><\/p>\n\n                                    <\/div>\n            <\/div>\n\n        <\/div>\n\n\t\t\t\t\t\t<\/div>\n\t\t\t\t<\/div>\n\t\t\t\t\t<\/div>\n\t\t<\/div>\n\t\t\t\t\t<\/div>\n\t\t<\/section>\n\t\t\t\t<section class=\"elementor-section elementor-top-section elementor-element elementor-element-35d8c3c elementor-section-boxed elementor-section-height-default elementor-section-height-default\" data-id=\"35d8c3c\" data-element_type=\"section\" data-e-type=\"section\">\n\t\t\t\t\t\t<div class=\"elementor-container elementor-column-gap-default\">\n\t\t\t\t\t<div class=\"elementor-column elementor-col-100 elementor-top-column elementor-element elementor-element-ba112a7\" data-id=\"ba112a7\" data-element_type=\"column\" data-e-type=\"column\">\n\t\t\t<div class=\"elementor-widget-wrap elementor-element-populated\">\n\t\t\t\t\t\t<div class=\"elementor-element elementor-element-8ebf6dd elementor-widget elementor-widget-text-editor\" data-id=\"8ebf6dd\" data-element_type=\"widget\" data-e-type=\"widget\" data-widget_type=\"text-editor.default\">\n\t\t\t\t<div class=\"elementor-widget-container\">\n\t\t\t\t\t\t\t\t\t<h4 style=\"font-weight: 400;\"><strong>Breytingar, afpantanir og snemmb\u00fanar brottfarir<\/strong><\/h4>\n<p style=\"font-weight: 400;\">Vi\u00f0skiptavinur getur afpanta\u00f0 p\u00f6ntun s\u00edna \u00e1n endurgjalds allt a\u00f0 14 d\u00f6gum fyrir komu.<\/p>\n<p style=\"font-weight: 400;\">Vi\u00f0skiptavinur \u00fearf a\u00f0 grei\u00f0a alla b\u00f3kunina ef hann afpantar minna en 14 d\u00f6gum fyrir komu.<\/p>\n<p style=\"font-weight: 400;\">Breytingar \u00e1 p\u00f6ntun eru m\u00f6gulegar, h\u00e1\u00f0 frambo\u00f0i og a\u00f0 \u00fev\u00ed tilskildu a\u00f0 upph\u00e6\u00f0 breyttrar dvalar s\u00e9 j\u00f6fn e\u00f0a h\u00e6rri en upphaflega b\u00f3kunin.<\/p>\n<p style=\"font-weight: 400;\">Ef um er a\u00f0 r\u00e6\u00f0a brottf\u00f6r fyrir \u00feann dag sem \u00e1\u00e6tla\u00f0ur var vi\u00f0 b\u00f3kun: heildarupph\u00e6\u00f0 dvalarinnar sem upphaflega var fr\u00e1tekin \u00e1 eftir.<\/p>\n<\/p>\n<h4 style=\"font-weight: 400;\"><strong>G\u00e6lud\u00fdr<\/strong><\/h4>\n<p style=\"font-weight: 400;\">G\u00e6lud\u00fdr eru ekki leyf\u00f0.<\/p>\n<p style=\"font-weight: 400;\"><strong> <\/strong><\/p>\n<h4 style=\"font-weight: 400;\"><strong>Ver\u00f0: skattar og breytileiki<\/strong><\/h4>\n<p style=\"font-weight: 400;\">Ver\u00f0in okkar eru innifalin vsk. \u00deau eru ekki innifalin \u00ed sveitarf\u00e9laginu fer\u00f0amannaskatti, sem er 1,65 evrur \u00e1 dag og \u00e1 mann \u00e1ri\u00f0 2024 og er h\u00e1\u00f0 \u00e1rlegum breytingum.<\/p>\n<p style=\"font-weight: 400;\">Ver\u00f0in sem vi\u00f0 sendum geta veri\u00f0 breytt hven\u00e6r sem er, \u00e1n fyrirvara.<\/p>\n<p style=\"font-weight: 400;\"><strong> <\/strong><\/p>\n<h4 style=\"font-weight: 400;\"><strong>Skemmdir og hluti sem vantar<\/strong><\/h4>\n<p style=\"font-weight: 400;\">Tj\u00f3n og hluti sem vantar vegna v\u00edsvitandi a\u00f0ger\u00f0a e\u00f0a auglj\u00f3srar vanr\u00e6kslu af h\u00e1lfu vi\u00f0skiptavinar geta veri\u00f0 gjaldskyldar.<\/p>\n<p style=\"font-weight: 400;\">\n\t\t\t\t\t\t\t\t<\/div>\n\t\t\t\t<\/div>\n\t\t\t\t\t<\/div>\n\t\t<\/div>\n\t\t\t\t\t<\/div>\n\t\t<\/section>\n\t\t\t\t<\/div>\n\t\t","protected":false},"excerpt":{"rendered":"<p>Leiguskilm\u00e1lar Breytingar, afpantanir og snemmb\u00fanar brottfarir Vi\u00f0skiptavinur getur afpanta\u00f0 p\u00f6ntun s\u00edna \u00e1n endurgjalds allt a\u00f0 14 d\u00f6gum fyrir komu. Vi\u00f0skiptavinur \u00fearf a\u00f0 grei\u00f0a alla b\u00f3kunina ef hann afpantar minna en 14 d\u00f6gum fyrir komu. Breytingar \u00e1 p\u00f6ntun eru m\u00f6gulegar, h\u00e1\u00f0 &hellip; <a href=\"https:\/\/www.mare-e-monti.com\/is\/leiguskilmalar\/\">Read More<\/a><\/p>\n","protected":false},"author":1,"featured_media":0,"parent":0,"menu_order":1,"comment_status":"closed","ping_status":"closed","template":"","meta":{"footnotes":""},"class_list":["post-3579","page","type-page","status-publish","hentry"],"yoast_head":"<!-- This site is optimized with the Yoast SEO Premium plugin v27.3 (Yoast SEO v27.3) - https:\/\/yoast.com\/product\/yoast-seo-premium-wordpress\/ -->\n<title>Leiguskilm\u00e1lar - H\u00f4tel Mare e Monti - Hotel Piana Corse<\/title>\n<meta name=\"robots\" content=\"index, follow, max-snippet:-1, max-image-preview:large, max-video-preview:-1\" \/>\n<link rel=\"canonical\" href=\"https:\/\/www.mare-e-monti.com\/is\/leiguskilmalar\/\" \/>\n<meta property=\"og:locale\" content=\"is_IS\" \/>\n<meta property=\"og:type\" content=\"article\" \/>\n<meta property=\"og:title\" content=\"Leiguskilm\u00e1lar\" \/>\n<meta property=\"og:description\" content=\"Leiguskilm\u00e1lar Breytingar, afpantanir og snemmb\u00fanar brottfarir Vi\u00f0skiptavinur getur afpanta\u00f0 p\u00f6ntun s\u00edna \u00e1n endurgjalds allt a\u00f0 14 d\u00f6gum fyrir komu. Vi\u00f0skiptavinur \u00fearf a\u00f0 grei\u00f0a alla b\u00f3kunina ef hann afpantar minna en 14 d\u00f6gum fyrir komu. Breytingar \u00e1 p\u00f6ntun eru m\u00f6gulegar, h\u00e1\u00f0 &hellip; Read More\" \/>\n<meta property=\"og:url\" content=\"https:\/\/www.mare-e-monti.com\/is\/leiguskilmalar\/\" \/>\n<meta property=\"og:site_name\" content=\"H\u00f4tel Mare e Monti - Hotel Piana Corse\" \/>\n<meta property=\"article:modified_time\" content=\"2024-06-16T12:05:10+00:00\" \/>\n<meta name=\"twitter:card\" content=\"summary_large_image\" \/>\n<meta name=\"twitter:label1\" content=\"Est. reading time\" \/>\n\t<meta name=\"twitter:data1\" content=\"1 minute\" \/>\n<script type=\"application\/ld+json\" class=\"yoast-schema-graph\">{\"@context\":\"https:\\\/\\\/schema.org\",\"@graph\":[{\"@type\":\"WebPage\",\"@id\":\"https:\\\/\\\/www.mare-e-monti.com\\\/is\\\/leiguskilmalar\\\/\",\"url\":\"https:\\\/\\\/www.mare-e-monti.com\\\/is\\\/leiguskilmalar\\\/\",\"name\":\"Leiguskilm\u00e1lar - H\u00f4tel Mare e Monti - Hotel Piana Corse\",\"isPartOf\":{\"@id\":\"https:\\\/\\\/www.mare-e-monti.com\\\/is\\\/#website\"},\"datePublished\":\"2022-02-16T14:21:06+00:00\",\"dateModified\":\"2024-06-16T12:05:10+00:00\",\"breadcrumb\":{\"@id\":\"https:\\\/\\\/www.mare-e-monti.com\\\/is\\\/leiguskilmalar\\\/#breadcrumb\"},\"inLanguage\":\"is\",\"potentialAction\":[{\"@type\":\"ReadAction\",\"target\":[\"https:\\\/\\\/www.mare-e-monti.com\\\/is\\\/leiguskilmalar\\\/\"]}]},{\"@type\":\"BreadcrumbList\",\"@id\":\"https:\\\/\\\/www.mare-e-monti.com\\\/is\\\/leiguskilmalar\\\/#breadcrumb\",\"itemListElement\":[{\"@type\":\"ListItem\",\"position\":1,\"name\":\"Home\",\"item\":\"https:\\\/\\\/www.mare-e-monti.com\\\/is\\\/\"},{\"@type\":\"ListItem\",\"position\":2,\"name\":\"Leiguskilm\u00e1lar\"}]},{\"@type\":\"WebSite\",\"@id\":\"https:\\\/\\\/www.mare-e-monti.com\\\/is\\\/#website\",\"url\":\"https:\\\/\\\/www.mare-e-monti.com\\\/is\\\/\",\"name\":\"H\u00f4tel Mare e Monti - Hotel Piana Corse\",\"description\":\"H\u00f4tel entre mer et montagne \u00e0 Piana, Corse\",\"publisher\":{\"@id\":\"https:\\\/\\\/www.mare-e-monti.com\\\/is\\\/#organization\"},\"potentialAction\":[{\"@type\":\"SearchAction\",\"target\":{\"@type\":\"EntryPoint\",\"urlTemplate\":\"https:\\\/\\\/www.mare-e-monti.com\\\/is\\\/?s={search_term_string}\"},\"query-input\":{\"@type\":\"PropertyValueSpecification\",\"valueRequired\":true,\"valueName\":\"search_term_string\"}}],\"inLanguage\":\"is\"},{\"@type\":\"Organization\",\"@id\":\"https:\\\/\\\/www.mare-e-monti.com\\\/is\\\/#organization\",\"name\":\"H\u00f4tel Mare e Monti - Hotel Piana Corse\",\"url\":\"https:\\\/\\\/www.mare-e-monti.com\\\/is\\\/\",\"logo\":{\"@type\":\"ImageObject\",\"inLanguage\":\"is\",\"@id\":\"https:\\\/\\\/www.mare-e-monti.com\\\/is\\\/#\\\/schema\\\/logo\\\/image\\\/\",\"url\":\"https:\\\/\\\/www.mare-e-monti.com\\\/wp-content\\\/uploads\\\/2022\\\/10\\\/mare-e-monti-petit-dejeuner.jpg\",\"contentUrl\":\"https:\\\/\\\/www.mare-e-monti.com\\\/wp-content\\\/uploads\\\/2022\\\/10\\\/mare-e-monti-petit-dejeuner.jpg\",\"width\":1600,\"height\":1047,\"caption\":\"H\u00f4tel Mare e Monti - Hotel Piana Corse\"},\"image\":{\"@id\":\"https:\\\/\\\/www.mare-e-monti.com\\\/is\\\/#\\\/schema\\\/logo\\\/image\\\/\"}}]}<\/script>\n<!-- \/ Yoast SEO Premium plugin. -->","yoast_head_json":{"title":"Leiguskilm\u00e1lar - H\u00f4tel Mare e Monti - Hotel Piana Corse","robots":{"index":"index","follow":"follow","max-snippet":"max-snippet:-1","max-image-preview":"max-image-preview:large","max-video-preview":"max-video-preview:-1"},"canonical":"https:\/\/www.mare-e-monti.com\/is\/leiguskilmalar\/","og_locale":"is_IS","og_type":"article","og_title":"Leiguskilm\u00e1lar","og_description":"Leiguskilm\u00e1lar Breytingar, afpantanir og snemmb\u00fanar brottfarir Vi\u00f0skiptavinur getur afpanta\u00f0 p\u00f6ntun s\u00edna \u00e1n endurgjalds allt a\u00f0 14 d\u00f6gum fyrir komu. Vi\u00f0skiptavinur \u00fearf a\u00f0 grei\u00f0a alla b\u00f3kunina ef hann afpantar minna en 14 d\u00f6gum fyrir komu. Breytingar \u00e1 p\u00f6ntun eru m\u00f6gulegar, h\u00e1\u00f0 &hellip; Read More","og_url":"https:\/\/www.mare-e-monti.com\/is\/leiguskilmalar\/","og_site_name":"H\u00f4tel Mare e Monti - Hotel Piana Corse","article_modified_time":"2024-06-16T12:05:10+00:00","twitter_card":"summary_large_image","twitter_misc":{"Est. reading time":"1 minute"},"schema":{"@context":"https:\/\/schema.org","@graph":[{"@type":"WebPage","@id":"https:\/\/www.mare-e-monti.com\/is\/leiguskilmalar\/","url":"https:\/\/www.mare-e-monti.com\/is\/leiguskilmalar\/","name":"Leiguskilm\u00e1lar - H\u00f4tel Mare e Monti - Hotel Piana Corse","isPartOf":{"@id":"https:\/\/www.mare-e-monti.com\/is\/#website"},"datePublished":"2022-02-16T14:21:06+00:00","dateModified":"2024-06-16T12:05:10+00:00","breadcrumb":{"@id":"https:\/\/www.mare-e-monti.com\/is\/leiguskilmalar\/#breadcrumb"},"inLanguage":"is","potentialAction":[{"@type":"ReadAction","target":["https:\/\/www.mare-e-monti.com\/is\/leiguskilmalar\/"]}]},{"@type":"BreadcrumbList","@id":"https:\/\/www.mare-e-monti.com\/is\/leiguskilmalar\/#breadcrumb","itemListElement":[{"@type":"ListItem","position":1,"name":"Home","item":"https:\/\/www.mare-e-monti.com\/is\/"},{"@type":"ListItem","position":2,"name":"Leiguskilm\u00e1lar"}]},{"@type":"WebSite","@id":"https:\/\/www.mare-e-monti.com\/is\/#website","url":"https:\/\/www.mare-e-monti.com\/is\/","name":"H\u00f4tel Mare e Monti - Hotel Piana Corse","description":"H\u00f4tel entre mer et montagne \u00e0 Piana, Corse","publisher":{"@id":"https:\/\/www.mare-e-monti.com\/is\/#organization"},"potentialAction":[{"@type":"SearchAction","target":{"@type":"EntryPoint","urlTemplate":"https:\/\/www.mare-e-monti.com\/is\/?s={search_term_string}"},"query-input":{"@type":"PropertyValueSpecification","valueRequired":true,"valueName":"search_term_string"}}],"inLanguage":"is"},{"@type":"Organization","@id":"https:\/\/www.mare-e-monti.com\/is\/#organization","name":"H\u00f4tel Mare e Monti - Hotel Piana Corse","url":"https:\/\/www.mare-e-monti.com\/is\/","logo":{"@type":"ImageObject","inLanguage":"is","@id":"https:\/\/www.mare-e-monti.com\/is\/#\/schema\/logo\/image\/","url":"https:\/\/www.mare-e-monti.com\/wp-content\/uploads\/2022\/10\/mare-e-monti-petit-dejeuner.jpg","contentUrl":"https:\/\/www.mare-e-monti.com\/wp-content\/uploads\/2022\/10\/mare-e-monti-petit-dejeuner.jpg","width":1600,"height":1047,"caption":"H\u00f4tel Mare e Monti - Hotel Piana Corse"},"image":{"@id":"https:\/\/www.mare-e-monti.com\/is\/#\/schema\/logo\/image\/"}}]}},"_links":{"self":[{"href":"https:\/\/www.mare-e-monti.com\/is\/wp-json\/wp\/v2\/pages\/3579","targetHints":{"allow":["GET"]}}],"collection":[{"href":"https:\/\/www.mare-e-monti.com\/is\/wp-json\/wp\/v2\/pages"}],"about":[{"href":"https:\/\/www.mare-e-monti.com\/is\/wp-json\/wp\/v2\/types\/page"}],"author":[{"embeddable":true,"href":"https:\/\/www.mare-e-monti.com\/is\/wp-json\/wp\/v2\/users\/1"}],"replies":[{"embeddable":true,"href":"https:\/\/www.mare-e-monti.com\/is\/wp-json\/wp\/v2\/comments?post=3579"}],"version-history":[{"count":0,"href":"https:\/\/www.mare-e-monti.com\/is\/wp-json\/wp\/v2\/pages\/3579\/revisions"}],"wp:attachment":[{"href":"https:\/\/www.mare-e-monti.com\/is\/wp-json\/wp\/v2\/media?parent=3579"}],"curies":[{"name":"wp","href":"https:\/\/api.w.org\/{rel}","templated":true}]}}