{"id":2165,"date":"2022-03-31T11:30:26","date_gmt":"2022-03-31T09:30:26","guid":{"rendered":"https:\/\/www.mare-e-monti.com\/legal-information\/"},"modified":"2024-06-16T12:55:14","modified_gmt":"2024-06-16T10:55:14","slug":"legal-information","status":"publish","type":"page","link":"https:\/\/www.mare-e-monti.com\/en\/legal-information\/","title":{"rendered":"Legal information"},"content":{"rendered":"\t\t<div data-elementor-type=\"wp-page\" data-elementor-id=\"2165\" class=\"elementor elementor-2165 elementor-1166\">\n\t\t\t\t\t\t<section class=\"elementor-section elementor-top-section elementor-element elementor-element-3cc4d54 elementor-section-boxed elementor-section-height-default elementor-section-height-default\" data-id=\"3cc4d54\" data-element_type=\"section\" data-e-type=\"section\" data-settings=\"{&quot;background_background&quot;:&quot;classic&quot;}\">\n\t\t\t\t\t\t<div class=\"elementor-container elementor-column-gap-default\">\n\t\t\t\t\t<div class=\"elementor-column elementor-col-100 elementor-top-column elementor-element elementor-element-37fbd2d\" data-id=\"37fbd2d\" data-element_type=\"column\" data-e-type=\"column\">\n\t\t\t<div class=\"elementor-widget-wrap elementor-element-populated\">\n\t\t\t\t\t\t<div class=\"elementor-element elementor-element-f751aa9 elementor-view-default elementor-position-top elementor-widget elementor-widget-themo-header\" data-id=\"f751aa9\" data-element_type=\"widget\" data-e-type=\"widget\" data-widget_type=\"themo-header.default\">\n\t\t\t\t<div class=\"elementor-widget-container\">\n\t\t\t\t\t\t\t<div class=\"th-header-wrap\">\n        <div class=\"elementor-icon-box-wrapper \">\n                            <div class=\"elementor-icon-box-content\">\n                    <h1 class=\"elementor-icon-box-title\">\n                        Legal information                    <\/h1>\n                                            <span class=\"th-header-divider\"><\/span>\n                                        <p class=\"elementor-icon-box-description\"><\/p>\n\n                                    <\/div>\n            <\/div>\n\n        <\/div>\n\n\t\t\t\t\t\t<\/div>\n\t\t\t\t<\/div>\n\t\t\t\t\t<\/div>\n\t\t<\/div>\n\t\t\t\t\t<\/div>\n\t\t<\/section>\n\t\t\t\t<section class=\"elementor-section elementor-top-section elementor-element elementor-element-6c45ab1b elementor-section-boxed elementor-section-height-default elementor-section-height-default\" data-id=\"6c45ab1b\" data-element_type=\"section\" data-e-type=\"section\">\n\t\t\t\t\t\t<div class=\"elementor-container elementor-column-gap-default\">\n\t\t\t\t\t<div class=\"elementor-column elementor-col-100 elementor-top-column elementor-element elementor-element-55358861\" data-id=\"55358861\" data-element_type=\"column\" data-e-type=\"column\">\n\t\t\t<div class=\"elementor-widget-wrap elementor-element-populated\">\n\t\t\t\t\t\t<div class=\"elementor-element elementor-element-3d8ae5d5 elementor-widget elementor-widget-text-editor\" data-id=\"3d8ae5d5\" data-element_type=\"widget\" data-e-type=\"widget\" data-widget_type=\"text-editor.default\">\n\t\t\t\t<div class=\"elementor-widget-container\">\n\t\t\t\t\t\t\t\t\t<h3>Website Editor<\/h3>\n<table class=\"responsive\" border=\"0\" width=\"100%\" cellspacing=\"0\" cellpadding=\"0\">\n<tbody>\n<tr>\n<td width=\"30%\">Name \/ Organization:<\/td>\n<td>SARL Mare e Monte<\/td>\n<\/tr>\n<tr>\n<td>Address:<\/td>\n<td>20115 PIANA<\/td>\n<\/tr>\n<tr>\n<td>Telephone<\/td>\n<td>+33 (0) 4 95 27 82 14<\/td>\n<\/tr>\n<tr>\n<td>SIRET:<\/td>\n<td>381 000 371 00017<\/td>\n<\/tr>\n<\/tbody>\n<\/table>\n<table class=\"responsive\" border=\"0\" width=\"100%\" cellspacing=\"0\" cellpadding=\"0\">\n<tbody>\n<tr>\n<td>VAT:<\/td>\n<td>FR73381000371<\/td>\n<\/tr>\n<tr>\n<td>Capital:<\/td>\n<td>\u20ac121,959.<\/td>\n<\/tr>\n<\/tbody>\n<\/table>\n<h3>Realization of the website<\/h3>\n<table class=\"responsive\" border=\"0\" width=\"100%\" cellspacing=\"0\" cellpadding=\"0\">\n<tbody>\n<tr>\n<td width=\"30%\">Company:<\/td>\n<td>SAS Corail<\/td>\n<\/tr>\n<tr>\n<td>Address:<\/td>\n<td>25 avenue No\u00ebl Franchini 20090 AJACCIO<\/td>\n<\/tr>\n<tr>\n<td>Telephone:<\/td>\n<td>+33 (0) 4 95 26 48 81<\/td>\n<\/tr>\n<tr>\n<td>Website:<\/td>\n<td><a href=\"https:\/\/www.agencecorail.com\" target=\"_blank\" rel=\"noopener\">www.agencecorail.com<\/a><\/td>\n<\/tr>\n<\/tbody>\n<\/table>\n<h3>Hosting<\/h3>\n<table border=\"0\" width=\"100%\" cellspacing=\"0\" cellpadding=\"0\">\n<tbody>\n<tr>\n<td width=\"30%\">Company:<\/td>\n<td>OVH<\/td>\n<\/tr>\n<tr>\n<td>Postal address:<\/td>\n<td>2 rue Kellermann 59100 ROUBAIX<\/td>\n<\/tr>\n<tr>\n<td>SIRET:<\/td>\n<td>424 761 419 0004<\/td>\n<\/tr>\n<tr>\n<td>APE code:<\/td>\n<td>6202A<\/td>\n<\/tr>\n<\/tbody>\n<\/table>\n<h3>Cookies<\/h3>\n<p>The user is informed that cookies may be installed on his browser. A cookie is a small file that a website will place on your computer to store information specific to you.<\/p>\n<p>On this site, cookies can be used to analyze the audience of the site via the Google Analytics service and to target advertising via the Google Adsense agency.<\/p>\n<p>In any case, the user can freely manage and delete the cookies in his browser. To do this, you can click the following links depending on the browser you are using: <a href=\"https:\/\/support.google.com\/accounts\/answer\/32050?hl=fr\" target=\"_blank\" rel=\"noopener\">Google Chrome<\/a>, <a href=\"https:\/\/support.mozilla.org\/fr\/kb\/effacer-cookies-supprimer-infos-sites-enregistrees\" target=\"_blank\" rel=\"noopener\">Mozilla Firefox<\/a>, <a href=\"https:\/\/support.apple.com\/fr-fr\/guide\/safari\/sfri11471\/mac\" target=\"_blank\" rel=\"noopener\">Safari<\/a> or <a href=\"https:\/\/privacy.microsoft.com\/fr-fr\/windows-10-microsoft-edge-and-privacy\" target=\"_blank\" rel=\"noopener\">Microsoft Edge<\/a>.<\/p>\n<h3>MEDIATION \u2013 DISPUTES<\/h3>\n<p style=\"font-weight: 400;\">In the event of a dispute between the professional and the consumer, they will endeavor to find an amicable solution.<\/p>\n<p style=\"font-weight: 400;\">In the absence of an amicable agreement, the consumer has the possibility of contacting the consumer mediator to whom the professional reports, namely the Association of European Mediators (AME CONSO), free of charge, within one year of the complaint. written addressed to the professional.<\/p>\n<p style=\"font-weight: 400;\">The referral to the consumer mediator must be made:<\/p>\n<p style=\"font-weight: 400;\">o either by completing the form provided for this purpose on the AME CONSO website: <a href=\"http:\/\/www.mediationconso-ame.com\/\"><em>www.mediationconso-ame.com<\/em><\/a> ;<\/p>\n<p style=\"font-weight: 400;\">o either by mail addressed to AME CONSO, 197 Boulevard Saint-Germain \u2013 75007 PARIS.<\/p>\n\t\t\t\t\t\t\t\t<\/div>\n\t\t\t\t<\/div>\n\t\t\t\t\t<\/div>\n\t\t<\/div>\n\t\t\t\t\t<\/div>\n\t\t<\/section>\n\t\t\t\t<\/div>\n\t\t","protected":false},"excerpt":{"rendered":"<p>Legal information Website Editor Name \/ Organization: SARL Mare e Monte Address: 20115 PIANA Telephone +33 (0) 4 95 27 82 14 SIRET: 381 000 371 00017 VAT: FR73381000371 Capital: \u20ac121,959. Realization of the website Company: SAS Corail Address: 25 &hellip; <a href=\"https:\/\/www.mare-e-monti.com\/en\/legal-information\/\">Read More<\/a><\/p>\n","protected":false},"author":1,"featured_media":0,"parent":0,"menu_order":1,"comment_status":"closed","ping_status":"closed","template":"","meta":{"footnotes":""},"class_list":["post-2165","page","type-page","status-publish","hentry"],"yoast_head":"<!-- This site is optimized with the Yoast SEO Premium plugin v27.3 (Yoast SEO v27.3) - https:\/\/yoast.com\/product\/yoast-seo-premium-wordpress\/ -->\n<title>Legal information - H\u00f4tel Mare e Monti - Hotel Piana Corse<\/title>\n<meta name=\"robots\" content=\"index, follow, max-snippet:-1, max-image-preview:large, max-video-preview:-1\" \/>\n<link rel=\"canonical\" href=\"https:\/\/www.mare-e-monti.com\/en\/legal-information\/\" \/>\n<meta property=\"og:locale\" content=\"en_US\" \/>\n<meta property=\"og:type\" content=\"article\" \/>\n<meta property=\"og:title\" content=\"Legal information\" \/>\n<meta property=\"og:description\" content=\"Legal information Website Editor Name \/ Organization: SARL Mare e Monte Address: 20115 PIANA Telephone +33 (0) 4 95 27 82 14 SIRET: 381 000 371 00017 VAT: FR73381000371 Capital: \u20ac121,959. Realization of the website Company: SAS Corail Address: 25 &hellip; Read More\" \/>\n<meta property=\"og:url\" content=\"https:\/\/www.mare-e-monti.com\/en\/legal-information\/\" \/>\n<meta property=\"og:site_name\" content=\"H\u00f4tel Mare e Monti - Hotel Piana Corse\" \/>\n<meta property=\"article:modified_time\" content=\"2024-06-16T10:55:14+00:00\" \/>\n<meta name=\"twitter:card\" content=\"summary_large_image\" \/>\n<meta name=\"twitter:label1\" content=\"Est. reading time\" \/>\n\t<meta name=\"twitter:data1\" content=\"1 minute\" \/>\n<script type=\"application\/ld+json\" class=\"yoast-schema-graph\">{\"@context\":\"https:\\\/\\\/schema.org\",\"@graph\":[{\"@type\":\"WebPage\",\"@id\":\"https:\\\/\\\/www.mare-e-monti.com\\\/en\\\/legal-information\\\/\",\"url\":\"https:\\\/\\\/www.mare-e-monti.com\\\/en\\\/legal-information\\\/\",\"name\":\"Legal information - H\u00f4tel Mare e Monti - Hotel Piana Corse\",\"isPartOf\":{\"@id\":\"https:\\\/\\\/www.mare-e-monti.com\\\/en\\\/#website\"},\"datePublished\":\"2022-03-31T09:30:26+00:00\",\"dateModified\":\"2024-06-16T10:55:14+00:00\",\"breadcrumb\":{\"@id\":\"https:\\\/\\\/www.mare-e-monti.com\\\/en\\\/legal-information\\\/#breadcrumb\"},\"inLanguage\":\"en-US\",\"potentialAction\":[{\"@type\":\"ReadAction\",\"target\":[\"https:\\\/\\\/www.mare-e-monti.com\\\/en\\\/legal-information\\\/\"]}]},{\"@type\":\"BreadcrumbList\",\"@id\":\"https:\\\/\\\/www.mare-e-monti.com\\\/en\\\/legal-information\\\/#breadcrumb\",\"itemListElement\":[{\"@type\":\"ListItem\",\"position\":1,\"name\":\"Home\",\"item\":\"https:\\\/\\\/www.mare-e-monti.com\\\/en\\\/\"},{\"@type\":\"ListItem\",\"position\":2,\"name\":\"Legal information\"}]},{\"@type\":\"WebSite\",\"@id\":\"https:\\\/\\\/www.mare-e-monti.com\\\/en\\\/#website\",\"url\":\"https:\\\/\\\/www.mare-e-monti.com\\\/en\\\/\",\"name\":\"H\u00f4tel Mare e Monti - Hotel Piana Corse\",\"description\":\"H\u00f4tel entre mer et montagne \u00e0 Piana, Corse\",\"publisher\":{\"@id\":\"https:\\\/\\\/www.mare-e-monti.com\\\/en\\\/#organization\"},\"potentialAction\":[{\"@type\":\"SearchAction\",\"target\":{\"@type\":\"EntryPoint\",\"urlTemplate\":\"https:\\\/\\\/www.mare-e-monti.com\\\/en\\\/?s={search_term_string}\"},\"query-input\":{\"@type\":\"PropertyValueSpecification\",\"valueRequired\":true,\"valueName\":\"search_term_string\"}}],\"inLanguage\":\"en-US\"},{\"@type\":\"Organization\",\"@id\":\"https:\\\/\\\/www.mare-e-monti.com\\\/en\\\/#organization\",\"name\":\"H\u00f4tel Mare e Monti - Hotel Piana Corse\",\"url\":\"https:\\\/\\\/www.mare-e-monti.com\\\/en\\\/\",\"logo\":{\"@type\":\"ImageObject\",\"inLanguage\":\"en-US\",\"@id\":\"https:\\\/\\\/www.mare-e-monti.com\\\/en\\\/#\\\/schema\\\/logo\\\/image\\\/\",\"url\":\"https:\\\/\\\/www.mare-e-monti.com\\\/wp-content\\\/uploads\\\/2022\\\/10\\\/mare-e-monti-petit-dejeuner.jpg\",\"contentUrl\":\"https:\\\/\\\/www.mare-e-monti.com\\\/wp-content\\\/uploads\\\/2022\\\/10\\\/mare-e-monti-petit-dejeuner.jpg\",\"width\":1600,\"height\":1047,\"caption\":\"H\u00f4tel Mare e Monti - Hotel Piana Corse\"},\"image\":{\"@id\":\"https:\\\/\\\/www.mare-e-monti.com\\\/en\\\/#\\\/schema\\\/logo\\\/image\\\/\"}}]}<\/script>\n<!-- \/ Yoast SEO Premium plugin. -->","yoast_head_json":{"title":"Legal information - H\u00f4tel Mare e Monti - Hotel Piana Corse","robots":{"index":"index","follow":"follow","max-snippet":"max-snippet:-1","max-image-preview":"max-image-preview:large","max-video-preview":"max-video-preview:-1"},"canonical":"https:\/\/www.mare-e-monti.com\/en\/legal-information\/","og_locale":"en_US","og_type":"article","og_title":"Legal information","og_description":"Legal information Website Editor Name \/ Organization: SARL Mare e Monte Address: 20115 PIANA Telephone +33 (0) 4 95 27 82 14 SIRET: 381 000 371 00017 VAT: FR73381000371 Capital: \u20ac121,959. Realization of the website Company: SAS Corail Address: 25 &hellip; Read More","og_url":"https:\/\/www.mare-e-monti.com\/en\/legal-information\/","og_site_name":"H\u00f4tel Mare e Monti - Hotel Piana Corse","article_modified_time":"2024-06-16T10:55:14+00:00","twitter_card":"summary_large_image","twitter_misc":{"Est. reading time":"1 minute"},"schema":{"@context":"https:\/\/schema.org","@graph":[{"@type":"WebPage","@id":"https:\/\/www.mare-e-monti.com\/en\/legal-information\/","url":"https:\/\/www.mare-e-monti.com\/en\/legal-information\/","name":"Legal information - H\u00f4tel Mare e Monti - Hotel Piana Corse","isPartOf":{"@id":"https:\/\/www.mare-e-monti.com\/en\/#website"},"datePublished":"2022-03-31T09:30:26+00:00","dateModified":"2024-06-16T10:55:14+00:00","breadcrumb":{"@id":"https:\/\/www.mare-e-monti.com\/en\/legal-information\/#breadcrumb"},"inLanguage":"en-US","potentialAction":[{"@type":"ReadAction","target":["https:\/\/www.mare-e-monti.com\/en\/legal-information\/"]}]},{"@type":"BreadcrumbList","@id":"https:\/\/www.mare-e-monti.com\/en\/legal-information\/#breadcrumb","itemListElement":[{"@type":"ListItem","position":1,"name":"Home","item":"https:\/\/www.mare-e-monti.com\/en\/"},{"@type":"ListItem","position":2,"name":"Legal information"}]},{"@type":"WebSite","@id":"https:\/\/www.mare-e-monti.com\/en\/#website","url":"https:\/\/www.mare-e-monti.com\/en\/","name":"H\u00f4tel Mare e Monti - Hotel Piana Corse","description":"H\u00f4tel entre mer et montagne \u00e0 Piana, Corse","publisher":{"@id":"https:\/\/www.mare-e-monti.com\/en\/#organization"},"potentialAction":[{"@type":"SearchAction","target":{"@type":"EntryPoint","urlTemplate":"https:\/\/www.mare-e-monti.com\/en\/?s={search_term_string}"},"query-input":{"@type":"PropertyValueSpecification","valueRequired":true,"valueName":"search_term_string"}}],"inLanguage":"en-US"},{"@type":"Organization","@id":"https:\/\/www.mare-e-monti.com\/en\/#organization","name":"H\u00f4tel Mare e Monti - Hotel Piana Corse","url":"https:\/\/www.mare-e-monti.com\/en\/","logo":{"@type":"ImageObject","inLanguage":"en-US","@id":"https:\/\/www.mare-e-monti.com\/en\/#\/schema\/logo\/image\/","url":"https:\/\/www.mare-e-monti.com\/wp-content\/uploads\/2022\/10\/mare-e-monti-petit-dejeuner.jpg","contentUrl":"https:\/\/www.mare-e-monti.com\/wp-content\/uploads\/2022\/10\/mare-e-monti-petit-dejeuner.jpg","width":1600,"height":1047,"caption":"H\u00f4tel Mare e Monti - Hotel Piana Corse"},"image":{"@id":"https:\/\/www.mare-e-monti.com\/en\/#\/schema\/logo\/image\/"}}]}},"_links":{"self":[{"href":"https:\/\/www.mare-e-monti.com\/en\/wp-json\/wp\/v2\/pages\/2165","targetHints":{"allow":["GET"]}}],"collection":[{"href":"https:\/\/www.mare-e-monti.com\/en\/wp-json\/wp\/v2\/pages"}],"about":[{"href":"https:\/\/www.mare-e-monti.com\/en\/wp-json\/wp\/v2\/types\/page"}],"author":[{"embeddable":true,"href":"https:\/\/www.mare-e-monti.com\/en\/wp-json\/wp\/v2\/users\/1"}],"replies":[{"embeddable":true,"href":"https:\/\/www.mare-e-monti.com\/en\/wp-json\/wp\/v2\/comments?post=2165"}],"version-history":[{"count":0,"href":"https:\/\/www.mare-e-monti.com\/en\/wp-json\/wp\/v2\/pages\/2165\/revisions"}],"wp:attachment":[{"href":"https:\/\/www.mare-e-monti.com\/en\/wp-json\/wp\/v2\/media?parent=2165"}],"curies":[{"name":"wp","href":"https:\/\/api.w.org\/{rel}","templated":true}]}}